{"id":162,"date":"2017-08-20T18:14:29","date_gmt":"2017-08-20T18:14:29","guid":{"rendered":"http:\/\/pediatr-recice.cz\/uvodni-stranka-aktuality\/?page_id=162"},"modified":"2026-01-09T21:01:03","modified_gmt":"2026-01-09T21:01:03","slug":"ockovani-povinna","status":"publish","type":"page","link":"http:\/\/pediatr-recice.cz\/uvodni-stranka-aktuality\/ockovani-povinna\/","title":{"rendered":"O\u010dkov\u00e1n\u00ed  &#8211; povinn\u00e1"},"content":{"rendered":"<p>Podrobn\u011bj\u0161\u00ed informace a p\u0159\u00edbalov\u00e9 let\u00e1ky o\u010dkovac\u00edch l\u00e1tek lze nal\u00e9zt na webu na\u0161eho dodavatele vakc\u00edn <a href=\"https:\/\/www.ockovacicentrum.cz\/cz\/vakciny\" target=\"_blank\" rel=\"noopener\">Avenier<\/a><\/p>\n<table style=\"width: 135.681%; height: 480px;\">\n<tbody>\n<tr style=\"height: 39px;\">\n<td style=\"width: 13.3253%; height: 39px;\">4. den &#8211; 6. t\u00fdden<\/td>\n<td style=\"width: 67.587%; height: 39px;\">TBC &#8211; jen u rizikov\u00fdch skupin<\/td>\n<td style=\"width: 19.0876%; height: 39px;\"><a href=\"http:\/\/pediatr-recice.cz\/wp-content\/uploads\/2017\/08\/BCG.pdf\" target=\"_blank\" rel=\"noopener\">BCG<\/a><\/td>\n<\/tr>\n<tr style=\"height: 39px;\">\n<td style=\"width: 13.3253%; height: 39px;\">3. m\u011bs\u00edc<\/td>\n<td style=\"width: 67.587%; height: 39px;\">Z\u00e1\u0161krt, tetanus, \u010dern\u00fd ka\u0161el, d\u011btsk\u00e1 obrna, hepatitida B, Hemofilus inluenzae sk.B<\/td>\n<td style=\"width: 19.0876%; height: 39px;\"><a href=\"http:\/\/pediatr-recice.cz\/wp-content\/uploads\/2017\/08\/Hexacima.pdf\" target=\"_blank\" rel=\"noopener\">Hexacima<\/a>, <a href=\"http:\/\/pediatr-recice.cz\/wp-content\/uploads\/2017\/08\/Infanrix-Hexa.pdf\" target=\"_blank\" rel=\"noopener\">Infanrix Hexa<\/a><\/td>\n<\/tr>\n<tr style=\"height: 19px;\">\n<td style=\"width: 13.3253%; height: 19px;\">3. m\u011bs\u00edc<\/td>\n<td style=\"width: 67.587%; height: 19px;\">* Pneumokov\u00e1 onemocn\u011bn\u00ed<\/td>\n<td style=\"width: 19.0876%; height: 19px;\"><a href=\"http:\/\/pediatr-recice.cz\/wp-content\/uploads\/2017\/08\/Prevenar-13.pdf\" target=\"_blank\" rel=\"noopener\">Preven<\/a>ar 20 <a href=\"http:\/\/pediatr-recice.cz\/wp-content\/uploads\/2024\/02\/vaxneuvance_spc.pdf\" target=\"_blank\" rel=\"noopener\">Vaxneuvance<\/a><\/td>\n<\/tr>\n<tr style=\"height: 19px;\">\n<td style=\"width: 13.3253%; height: 19px;\">3. m\u011bs\u00edc<\/td>\n<td style=\"width: 67.587%; height: 19px;\">* Meningokoky sk. B<\/td>\n<td style=\"width: 19.0876%; height: 19px;\"><a href=\"http:\/\/pediatr-recice.cz\/wp-content\/uploads\/2017\/08\/Bexsero.pdf\" target=\"_blank\" rel=\"noopener\">Bexsero<\/a><\/td>\n<\/tr>\n<tr style=\"height: 39px;\">\n<td style=\"width: 13.3253%; height: 39px;\">4. m\u011bs\u00edc<\/td>\n<td style=\"width: 67.587%; height: 39px;\">Z\u00e1\u0161krt, tetanus, \u010dern\u00fd ka\u0161el, d\u011btsk\u00e1 obrna, hepatitida B, Hemofilus inluenzae sk.B\u00a0 &#8211; pouze nedono\u0161en\u00ed<\/td>\n<td style=\"width: 19.0876%; height: 39px;\"><a href=\"http:\/\/pediatr-recice.cz\/wp-content\/uploads\/2017\/08\/Infanrix-Hexa.pdf\" target=\"_blank\" rel=\"noopener\">Infanrix Hexa<\/a><\/td>\n<\/tr>\n<tr style=\"height: 19px;\">\n<td style=\"width: 13.3253%; height: 19px;\">4. m\u011bs\u00edc<\/td>\n<td style=\"width: 67.587%; height: 19px;\">* Pneumokov\u00e1 onemocn\u011bn\u00ed<\/td>\n<td style=\"width: 19.0876%; height: 19px;\">Prevenar 20<\/td>\n<\/tr>\n<tr style=\"height: 39px;\">\n<td style=\"width: 13.3253%; height: 39px;\">5. m\u011bs\u00edc<\/td>\n<td style=\"width: 67.587%; height: 39px;\">Z\u00e1\u0161krt, tetanus, \u010dern\u00fd ka\u0161el, d\u011btsk\u00e1 obrna, hepatitida B, Hemofilus inluenzae sk.B<\/td>\n<td style=\"width: 19.0876%; height: 39px;\"><a href=\"http:\/\/pediatr-recice.cz\/wp-content\/uploads\/2017\/08\/Hexacima.pdf\" target=\"_blank\" rel=\"noopener\">Hexacima<\/a>, <a href=\"http:\/\/pediatr-recice.cz\/wp-content\/uploads\/2017\/08\/Infanrix-Hexa.pdf\" target=\"_blank\" rel=\"noopener\">Infanrix Hexa<\/a><\/td>\n<\/tr>\n<tr style=\"height: 19px;\">\n<td style=\"width: 13.3253%; height: 19px;\">5. m\u011bs\u00edc<\/td>\n<td style=\"width: 67.587%; height: 19px;\">* Pneumokov\u00e1 onemocn\u011bn\u00ed<\/td>\n<td style=\"width: 19.0876%; height: 19px;\">Prevenar 20, <a href=\"http:\/\/pediatr-recice.cz\/wp-content\/uploads\/2024\/02\/vaxneuvance_spc.pdf\">Vaxneuvance<\/a><\/td>\n<\/tr>\n<tr style=\"height: 19px;\">\n<td style=\"width: 13.3253%; height: 19px;\">5. m\u011bs\u00edc<\/td>\n<td style=\"width: 67.587%; height: 19px;\">* Meningokoky sk. B<\/td>\n<td style=\"width: 19.0876%; height: 19px;\"><a href=\"http:\/\/pediatr-recice.cz\/wp-content\/uploads\/2017\/08\/Bexsero.pdf\" target=\"_blank\" rel=\"noopener\">Bexsero<\/a><\/td>\n<\/tr>\n<tr style=\"height: 39px;\">\n<td style=\"width: 13.3253%; height: 39px;\">11. m\u011bs\u00edc<\/td>\n<td style=\"width: 67.587%; height: 39px;\">Z\u00e1\u0161krt, tetanus, \u010dern\u00fd ka\u0161el, d\u011btsk\u00e1 obrna, hepatitida B, Hemofilus inluenzae sk.B<\/td>\n<td style=\"width: 19.0876%; height: 39px;\"><a href=\"http:\/\/pediatr-recice.cz\/wp-content\/uploads\/2017\/08\/Hexacima.pdf\">Hexacima<\/a>, <a href=\"http:\/\/pediatr-recice.cz\/wp-content\/uploads\/2017\/08\/Infanrix-Hexa.pdf\">Infanrix Hexa<\/a><\/td>\n<\/tr>\n<tr style=\"height: 19px;\">\n<td style=\"width: 13.3253%; height: 19px;\">11. m\u011bs\u00edc<\/td>\n<td style=\"width: 67.587%; height: 19px;\">* Pneumokov\u00e1 onemocn\u011bn\u00ed<\/td>\n<td style=\"width: 19.0876%; height: 19px;\">Prevenar 20,\u00a0 <a href=\"http:\/\/pediatr-recice.cz\/wp-content\/uploads\/2024\/02\/vaxneuvance_spc.pdf\">Vaxneuvance<\/a><\/td>\n<\/tr>\n<tr style=\"height: 19px;\">\n<td style=\"width: 13.3253%; height: 19px;\">13. m\u011bs\u00edc<\/td>\n<td style=\"width: 67.587%; height: 19px;\">* Meningokoky sk. B<\/td>\n<td style=\"width: 19.0876%; height: 19px;\"><a href=\"http:\/\/pediatr-recice.cz\/wp-content\/uploads\/2017\/08\/Bexsero.pdf\" target=\"_blank\" rel=\"noopener\">Bexsero<\/a><\/td>\n<\/tr>\n<tr style=\"height: 19px;\">\n<td style=\"width: 13.3253%; height: 19px;\">13.-18. m\u011bs\u00edc<\/td>\n<td style=\"width: 67.587%; height: 19px;\">Spalni\u010dky, zard\u011bnky, p\u0159\u00edu\u0161nice<\/td>\n<td style=\"width: 19.0876%; height: 19px;\"><a href=\"http:\/\/pediatr-recice.cz\/wp-content\/uploads\/2017\/08\/Priorix.pdf\">Priorix \u00a0<\/a>MMRVaxpro<\/td>\n<\/tr>\n<tr style=\"height: 19px;\">\n<td style=\"width: 13.3253%; height: 19px;\">13. &#8211; 24. m\u011bs\u00edc<\/td>\n<td style=\"width: 67.587%; height: 19px;\">* Meningokoky sk. A,C,W-135,Y<\/td>\n<td style=\"width: 19.0876%; height: 19px;\"><a href=\"http:\/\/pediatr-recice.cz\/wp-content\/uploads\/2017\/08\/Nimenrix.pdf\" target=\"_blank\" rel=\"noopener\">Nimenrix<\/a><\/td>\n<\/tr>\n<tr style=\"height: 19px;\">\n<td style=\"width: 13.3253%; height: 19px;\">5 let<\/td>\n<td style=\"width: 67.587%; height: 19px;\">Spalni\u010dky, zard\u011bnky, p\u0159\u00edu\u0161nice<\/td>\n<td style=\"width: 19.0876%; height: 19px;\"><a href=\"http:\/\/pediatr-recice.cz\/wp-content\/uploads\/2017\/08\/Priorix.pdf\">Priorix \u00a0<\/a>MMRVaxpro<\/td>\n<\/tr>\n<tr style=\"height: 19px;\">\n<td style=\"width: 13.3253%; height: 19px;\">5 let<\/td>\n<td style=\"width: 67.587%; height: 19px;\">Z\u00e1\u0161krt, tetanus, \u010dern\u00fd ka\u0161el<\/td>\n<td style=\"width: 19.0876%; height: 19px;\"><a href=\"http:\/\/pediatr-recice.cz\/wp-content\/uploads\/2017\/08\/Adacel.pdf\">Adacel <\/a>Boostrix<\/td>\n<\/tr>\n<tr style=\"height: 19px;\">\n<td style=\"width: 13.3253%; height: 19px;\">10 let<\/td>\n<td style=\"width: 67.587%; height: 19px;\">Z\u00e1\u0161krt, tetanus, \u010dern\u00fd ka\u0161el, d\u011btsk\u00e1 obrna<\/td>\n<td style=\"width: 19.0876%; height: 19px;\"><a href=\"http:\/\/pediatr-recice.cz\/wp-content\/uploads\/2017\/08\/Boostrix-Polio.pdf\">Boostrix Polio<\/a><\/td>\n<\/tr>\n<tr style=\"height: 19px;\">\n<td style=\"width: 13.3253%; height: 19px;\">11-15 let<\/td>\n<td style=\"width: 67.587%; height: 19px;\">* HPV (rakovina d\u011blo\u017en\u00edho \u010d\u00edpku, genit\u00e1ln\u00ed bradavice)<\/td>\n<td style=\"width: 19.0876%; height: 19px;\"><a href=\"http:\/\/pediatr-recice.cz\/wp-content\/uploads\/2017\/08\/Gardasil-9.pdf\" target=\"_blank\" rel=\"noopener\">Gardasil 9<\/a><\/td>\n<\/tr>\n<tr style=\"height: 19px;\">\n<td style=\"width: 13.3253%; height: 19px;\">14-16 let<\/td>\n<td style=\"width: 67.587%; height: 19px;\">* Meningokoky sk. B<\/td>\n<td style=\"width: 19.0876%; height: 19px;\">Trumenba<\/td>\n<\/tr>\n<tr style=\"height: 19px;\">\n<td style=\"width: 13.3253%; height: 19px;\">14-16 let<\/td>\n<td style=\"width: 67.587%; height: 19px;\">* Meningokoky sk. A,C,W-135,Y<\/td>\n<td style=\"width: 19.0876%; height: 19px;\">Menquadfi<\/td>\n<\/tr>\n<\/tbody>\n<\/table>\n<p>* O\u010dkov\u00e1n\u00ed proti meningokok\u016fm, pneumokok\u016fm a HPV nejsou povinn\u00e1, ale doporu\u010den\u00e1 a pln\u011b hrazen\u00e1 ze zdravotn\u00edho poji\u0161t\u011bn\u00ed<\/p>\n","protected":false},"excerpt":{"rendered":"<p>Podrobn\u011bj\u0161\u00ed informace a p\u0159\u00edbalov\u00e9 let\u00e1ky o\u010dkovac\u00edch l\u00e1tek lze nal\u00e9zt na webu na\u0161eho dodavatele vakc\u00edn Avenier 4. den &#8211; 6. t\u00fdden TBC &#8211; jen u rizikov\u00fdch skupin BCG 3. m\u011bs\u00edc Z\u00e1\u0161krt, tetanus, \u010dern\u00fd ka\u0161el, d\u011btsk\u00e1 obrna, hepatitida B, Hemofilus inluenzae sk.B &hellip; <a href=\"http:\/\/pediatr-recice.cz\/uvodni-stranka-aktuality\/ockovani-povinna\/\">Cel\u00fd p\u0159\u00edsp\u011bvek <span class=\"meta-nav\">&rarr;<\/span><\/a><\/p>\n","protected":false},"author":1,"featured_media":0,"parent":0,"menu_order":0,"comment_status":"closed","ping_status":"closed","template":"sidebar-page.php","meta":{"footnotes":""},"class_list":["post-162","page","type-page","status-publish","hentry"],"_links":{"self":[{"href":"http:\/\/pediatr-recice.cz\/uvodni-stranka-aktuality\/wp-json\/wp\/v2\/pages\/162","targetHints":{"allow":["GET"]}}],"collection":[{"href":"http:\/\/pediatr-recice.cz\/uvodni-stranka-aktuality\/wp-json\/wp\/v2\/pages"}],"about":[{"href":"http:\/\/pediatr-recice.cz\/uvodni-stranka-aktuality\/wp-json\/wp\/v2\/types\/page"}],"author":[{"embeddable":true,"href":"http:\/\/pediatr-recice.cz\/uvodni-stranka-aktuality\/wp-json\/wp\/v2\/users\/1"}],"replies":[{"embeddable":true,"href":"http:\/\/pediatr-recice.cz\/uvodni-stranka-aktuality\/wp-json\/wp\/v2\/comments?post=162"}],"version-history":[{"count":47,"href":"http:\/\/pediatr-recice.cz\/uvodni-stranka-aktuality\/wp-json\/wp\/v2\/pages\/162\/revisions"}],"predecessor-version":[{"id":1066,"href":"http:\/\/pediatr-recice.cz\/uvodni-stranka-aktuality\/wp-json\/wp\/v2\/pages\/162\/revisions\/1066"}],"wp:attachment":[{"href":"http:\/\/pediatr-recice.cz\/uvodni-stranka-aktuality\/wp-json\/wp\/v2\/media?parent=162"}],"curies":[{"name":"wp","href":"https:\/\/api.w.org\/{rel}","templated":true}]}}