{"id":422,"date":"2017-09-10T20:00:04","date_gmt":"2017-09-10T20:00:04","guid":{"rendered":"http:\/\/pediatr-recice.cz\/uvodni-stranka-aktuality\/?page_id=422"},"modified":"2017-09-10T20:00:04","modified_gmt":"2017-09-10T20:00:04","slug":"smluvni-pojistovny","status":"publish","type":"page","link":"http:\/\/pediatr-recice.cz\/uvodni-stranka-aktuality\/smluvni-pojistovny\/","title":{"rendered":"Smluvn\u00ed poji\u0161\u0165ovny"},"content":{"rendered":"<p><a href=\"http:\/\/www.vzp.cz\/\" target=\"_blank\" rel=\"noopener\"><img loading=\"lazy\" decoding=\"async\" src=\"http:\/\/www.detskylekartrebon.cz\/images\/vzp.gif\" alt=\"VZP \u010cR\" width=\"64\" height=\"25\" \/>\u00a0\u00a0<\/a><a href=\"http:\/\/www.vzp.cz\/\" target=\"_blank\" rel=\"noopener\">V\u0161eobecn\u00e1 zdravotn\u00ed poji\u0161\u0165ovna \u010cR (111)<\/a><\/p>\n<p><a href=\"http:\/\/www.vozp.cz\/\" target=\"_blank\" rel=\"noopener\"><br \/>\n<img loading=\"lazy\" decoding=\"async\" src=\"http:\/\/www.detskylekartrebon.cz\/images\/vozp.gif\" alt=\"VoZP \u010cR\" width=\"43\" height=\"25\" \/>\u00a0\u00a0<\/a><a href=\"http:\/\/www.vozp.cz\/\" target=\"_blank\" rel=\"noopener\">Vojensk\u00e1 zdravotn\u00ed poji\u0161\u0165ovna \u010cR (201)<\/a><\/p>\n<p><a href=\"http:\/\/www.cpzp.cz\/\" target=\"_blank\" rel=\"noopener\"><br \/>\n<img loading=\"lazy\" decoding=\"async\" src=\"http:\/\/www.detskylekartrebon.cz\/images\/cpzp.gif\" alt=\"\u010cPZP\" width=\"84\" height=\"25\" \/>\u00a0\u00a0<\/a><a href=\"http:\/\/www.cpzp.cz\/\" target=\"_blank\" rel=\"noopener\">\u010cesk\u00e1 pr\u016fmyslov\u00e1 zdravotn\u00ed poji\u0161tovna (205)<\/a><\/p>\n<p><a href=\"http:\/\/www.ozp.cz\/\" target=\"_blank\" rel=\"noopener\"><br \/>\n<img loading=\"lazy\" decoding=\"async\" src=\"http:\/\/www.detskylekartrebon.cz\/images\/ozp.gif\" alt=\"OZP \u010cR\" width=\"94\" height=\"25\" \/>\u00a0\u00a0<\/a><a href=\"http:\/\/www.ozp.cz\/\" target=\"_blank\" rel=\"noopener\">Oborov\u00e1 zdravotn\u00ed poji\u0161\u0165ovna zam\u011bstnanc\u016f bank, poji\u0161\u0165oven a stavebnictv\u00ed (207)<\/a><\/p>\n<p><a href=\"http:\/\/www.zpmvcr.cz\/\" target=\"_blank\" rel=\"noopener\"><br \/>\n<img loading=\"lazy\" decoding=\"async\" src=\"http:\/\/www.detskylekartrebon.cz\/images\/zpmv.gif\" alt=\"ZPMV \u010cR\" width=\"141\" height=\"25\" \/>\u00a0\u00a0\u00a0<\/a><a href=\"http:\/\/www.zpmvcr.cz\/\" target=\"_blank\" rel=\"noopener\">Zdravotn\u00ed poji\u0161\u0165ovna ministerstva vnitra \u010cR (211)<\/a><\/p>\n","protected":false},"excerpt":{"rendered":"<p>\u00a0\u00a0V\u0161eobecn\u00e1 zdravotn\u00ed poji\u0161\u0165ovna \u010cR (111) \u00a0\u00a0Vojensk\u00e1 zdravotn\u00ed poji\u0161\u0165ovna \u010cR (201) \u00a0\u00a0\u010cesk\u00e1 pr\u016fmyslov\u00e1 zdravotn\u00ed poji\u0161tovna (205) \u00a0\u00a0Oborov\u00e1 zdravotn\u00ed poji\u0161\u0165ovna zam\u011bstnanc\u016f bank, poji\u0161\u0165oven a stavebnictv\u00ed (207) \u00a0\u00a0\u00a0Zdravotn\u00ed poji\u0161\u0165ovna ministerstva vnitra \u010cR (211)<\/p>\n","protected":false},"author":1,"featured_media":0,"parent":0,"menu_order":0,"comment_status":"closed","ping_status":"closed","template":"","meta":{"footnotes":""},"class_list":["post-422","page","type-page","status-publish","hentry"],"_links":{"self":[{"href":"http:\/\/pediatr-recice.cz\/uvodni-stranka-aktuality\/wp-json\/wp\/v2\/pages\/422","targetHints":{"allow":["GET"]}}],"collection":[{"href":"http:\/\/pediatr-recice.cz\/uvodni-stranka-aktuality\/wp-json\/wp\/v2\/pages"}],"about":[{"href":"http:\/\/pediatr-recice.cz\/uvodni-stranka-aktuality\/wp-json\/wp\/v2\/types\/page"}],"author":[{"embeddable":true,"href":"http:\/\/pediatr-recice.cz\/uvodni-stranka-aktuality\/wp-json\/wp\/v2\/users\/1"}],"replies":[{"embeddable":true,"href":"http:\/\/pediatr-recice.cz\/uvodni-stranka-aktuality\/wp-json\/wp\/v2\/comments?post=422"}],"version-history":[{"count":3,"href":"http:\/\/pediatr-recice.cz\/uvodni-stranka-aktuality\/wp-json\/wp\/v2\/pages\/422\/revisions"}],"predecessor-version":[{"id":425,"href":"http:\/\/pediatr-recice.cz\/uvodni-stranka-aktuality\/wp-json\/wp\/v2\/pages\/422\/revisions\/425"}],"wp:attachment":[{"href":"http:\/\/pediatr-recice.cz\/uvodni-stranka-aktuality\/wp-json\/wp\/v2\/media?parent=422"}],"curies":[{"name":"wp","href":"https:\/\/api.w.org\/{rel}","templated":true}]}}